{"id":576,"date":"2019-08-30T13:53:54","date_gmt":"2019-08-30T13:53:54","guid":{"rendered":"https:\/\/leitmotif.qodeinteractive.com\/?page_id=576"},"modified":"2025-01-27T16:10:16","modified_gmt":"2025-01-27T16:10:16","slug":"home","status":"publish","type":"page","link":"https:\/\/sablenoir.co\/","title":{"rendered":"Home"},"content":{"rendered":"<p>[vc_row][vc_column]<div class=\"edgtf-elements-holder   edgtf-one-column  edgtf-responsive-mode-768 \" ><\/div>[\/vc_column][\/vc_row][vc_row row_content_width=&#8221;grid&#8221; content_text_aligment=&#8221;center&#8221; css=&#8221;.vc_custom_1568362507159{padding-top: 98px !important;padding-bottom: 75px !important;}&#8221;][vc_column][vc_column_text]<\/p>\n<h1 style=\"text-align: center;\"><strong>SABLE NOIR<\/strong><\/h1>\n<p>[\/vc_column_text][vc_column_text]<\/p>\n<h5>R\u00e9alisateurs, cadreurs, monteurs, mixeurs, \u00e9talonneurs, compositeur audio.<br \/>\nSable Noir est \u00e0 votre disposition pour r\u00e9aliser vos films.<\/h5>\n<p>[\/vc_column_text][vc_empty_space height=&#8221;60px&#8221;][\/vc_column][\/vc_row][vc_row][vc_column]<div class=\"edgtf-portfolio-list-holder edgtf-grid-list edgtf-pl-gallery edgtf-two-columns edgtf-normal-space edgtf-disable-bottom-space edgtf-pl-standard-switch-images   edgtf-pl-hover-none  edgtf-pl-pag-no-pagination        \"  data-type=gallery data-number-of-rows=two data-number-of-columns=two data-number-of-items=-1 data-image-proportions=full data-enable-fixed-proportions=no data-enable-image-shadow=no data-category=nos-realisations data-orderby=date data-order=ASC data-item-style=standard-switch-images data-hover-style=none data-enable-title=yes data-title-tag=h5 data-enable-custom-text=yes data-enable-author=yes data-enable-category=no data-enable-count-images=yes data-enable-excerpt=no data-excerpt-length=20 data-pagination-type=no-pagination data-filter=no data-filter-order-by=name data-enable-article-animation=no data-enable-middle-column-offset=no data-portfolio-slider-on=no data-enable-loop=yes data-enable-autoplay=yes data-slider-speed=5000 data-slider-speed-animation=600 data-slider-padding=no data-enable-navigation=yes data-enable-pagination=yes data-button-target=_self data-enable-counter=yes data-enable-button=yes data-max-num-pages=0 data-next-page=2>\n\t\t<div class=\"edgtf-pl-inner edgtf-outer-space edgtf-pl-rows-two   clearfix\">\n\t\t<article class=\"edgtf-pl-item edgtf-item-space edgtf-pl-no-switch-image  post-2787 portfolio-item type-portfolio-item status-publish has-post-thumbnail hentry portfolio-category-nos-realisations\">\n\t<div class=\"edgtf-pl-item-inner\">\n\t\t<div class=\"edgtf-pli-image\">\n\t\t\t<img width=\"1920\" height=\"1440\" src=\"https:\/\/sablenoir.co\/wp-content\/uploads\/2026\/05\/TRAIL_GRES__800x600.jpg\" class=\"attachment-full size-full wp-post-image\" alt=\"\" decoding=\"async\" loading=\"lazy\" srcset=\"https:\/\/sablenoir.co\/wp-content\/uploads\/2026\/05\/TRAIL_GRES__800x600.jpg 1920w, https:\/\/sablenoir.co\/wp-content\/uploads\/2026\/05\/TRAIL_GRES__800x600-300x225.jpg 300w, https:\/\/sablenoir.co\/wp-content\/uploads\/2026\/05\/TRAIL_GRES__800x600-1024x768.jpg 1024w, https:\/\/sablenoir.co\/wp-content\/uploads\/2026\/05\/TRAIL_GRES__800x600-768x576.jpg 768w, https:\/\/sablenoir.co\/wp-content\/uploads\/2026\/05\/TRAIL_GRES__800x600-1536x1152.jpg 1536w\" sizes=\"(max-width: 1920px) 100vw, 1920px\" \/>\t\n    <\/div>\n<div class=\"edgtf-pli-text-holder\" >\n\t<div class=\"edgtf-pli-text-wrapper\">\n\t\t<div class=\"edgtf-pli-text\">\n\t\t\t\t<h5 itemprop=\"name\" class=\"edgtf-pli-title entry-title\" >\n\t\tTRAIL DU GRES\t<\/h5>\n\t\t\t\n\t\t\t\n\t\t\t\t\t\t\n\t\t\t\t\t<\/div>\n\t<\/div>\n<\/div>\n\t\t<a itemprop=\"url\" class=\"edgtf-pli-link edgtf-block-drag-link\" href=\"https:\/\/sablenoir.co\/index.php\/portfolio-item\/trail-du-gres\/\" target=\"_self\"><\/a>\n\t<\/div>\n<\/article><article class=\"edgtf-pl-item edgtf-item-space edgtf-pl-no-switch-image  post-2756 portfolio-item type-portfolio-item status-publish has-post-thumbnail hentry portfolio-category-nos-realisations\">\n\t<div class=\"edgtf-pl-item-inner\">\n\t\t<div class=\"edgtf-pli-image\">\n\t\t\t<img width=\"1920\" height=\"1440\" src=\"https:\/\/sablenoir.co\/wp-content\/uploads\/2025\/01\/VIGNETTE_MARATHON.jpg\" class=\"attachment-full size-full wp-post-image\" alt=\"Marathon d&#039;annecy Produced by Sable Noir Directed by Enzo Del Testa\" decoding=\"async\" loading=\"lazy\" srcset=\"https:\/\/sablenoir.co\/wp-content\/uploads\/2025\/01\/VIGNETTE_MARATHON.jpg 1920w, https:\/\/sablenoir.co\/wp-content\/uploads\/2025\/01\/VIGNETTE_MARATHON-300x225.jpg 300w, https:\/\/sablenoir.co\/wp-content\/uploads\/2025\/01\/VIGNETTE_MARATHON-1024x768.jpg 1024w, https:\/\/sablenoir.co\/wp-content\/uploads\/2025\/01\/VIGNETTE_MARATHON-768x576.jpg 768w, https:\/\/sablenoir.co\/wp-content\/uploads\/2025\/01\/VIGNETTE_MARATHON-1536x1152.jpg 1536w\" sizes=\"(max-width: 1920px) 100vw, 1920px\" \/>\t\n    <\/div>\n<div class=\"edgtf-pli-text-holder\" >\n\t<div class=\"edgtf-pli-text-wrapper\">\n\t\t<div class=\"edgtf-pli-text\">\n\t\t\t\t<h5 itemprop=\"name\" class=\"edgtf-pli-title entry-title\" >\n\t\tMARATHON ANNECY\t<\/h5>\n\t\t\t\n\t\t\t\n\t\t\t\t\t\t\n\t\t\t\t\t<\/div>\n\t<\/div>\n<\/div>\n\t\t<a itemprop=\"url\" class=\"edgtf-pli-link edgtf-block-drag-link\" href=\"https:\/\/sablenoir.co\/index.php\/portfolio-item\/marathon-annecy-2024\/\" target=\"_self\"><\/a>\n\t<\/div>\n<\/article><article class=\"edgtf-pl-item edgtf-item-space edgtf-pl-no-switch-image  post-2779 portfolio-item type-portfolio-item status-publish has-post-thumbnail hentry portfolio-category-nos-realisations\">\n\t<div class=\"edgtf-pl-item-inner\">\n\t\t<div class=\"edgtf-pli-image\">\n\t\t\t<img width=\"1902\" height=\"1429\" src=\"https:\/\/sablenoir.co\/wp-content\/uploads\/2025\/08\/CIRCLE_FORMAT.jpg\" class=\"attachment-full size-full wp-post-image\" alt=\"CIRCLE SKATESHOP - R\u00e9alis\u00e9 par Xavier Desrousseaux &amp; Vincent Desrousseaux\" decoding=\"async\" loading=\"lazy\" srcset=\"https:\/\/sablenoir.co\/wp-content\/uploads\/2025\/08\/CIRCLE_FORMAT.jpg 1902w, https:\/\/sablenoir.co\/wp-content\/uploads\/2025\/08\/CIRCLE_FORMAT-300x225.jpg 300w, https:\/\/sablenoir.co\/wp-content\/uploads\/2025\/08\/CIRCLE_FORMAT-1024x769.jpg 1024w, https:\/\/sablenoir.co\/wp-content\/uploads\/2025\/08\/CIRCLE_FORMAT-768x577.jpg 768w, https:\/\/sablenoir.co\/wp-content\/uploads\/2025\/08\/CIRCLE_FORMAT-1536x1154.jpg 1536w\" sizes=\"(max-width: 1902px) 100vw, 1902px\" \/>\t\n    <\/div>\n<div class=\"edgtf-pli-text-holder\" >\n\t<div class=\"edgtf-pli-text-wrapper\">\n\t\t<div class=\"edgtf-pli-text\">\n\t\t\t\t<h5 itemprop=\"name\" class=\"edgtf-pli-title entry-title\" >\n\t\tCIRCLE SKATESHOP &#8211; CRUISIN&#8217; THROUGH\t<\/h5>\n\t\t\t\n\t\t\t\n\t\t\t\t\t\t\n\t\t\t\t\t<\/div>\n\t<\/div>\n<\/div>\n\t\t<a itemprop=\"url\" class=\"edgtf-pli-link edgtf-block-drag-link\" href=\"https:\/\/sablenoir.co\/index.php\/portfolio-item\/circle-skateshop-cruisin-through\/\" target=\"_self\"><\/a>\n\t<\/div>\n<\/article><article class=\"edgtf-pl-item edgtf-item-space edgtf-pl-no-switch-image  post-2776 portfolio-item type-portfolio-item status-publish has-post-thumbnail hentry portfolio-category-nos-realisations\">\n\t<div class=\"edgtf-pl-item-inner\">\n\t\t<div class=\"edgtf-pli-image\">\n\t\t\t<img width=\"1902\" height=\"1429\" src=\"https:\/\/sablenoir.co\/wp-content\/uploads\/2025\/08\/EDMOUNT_FORMAT.jpg\" class=\"attachment-full size-full wp-post-image\" alt=\"SABLE NOIR - CLIP DE MUSIQUE POUR ED MOUNT - R\u00e9aliser par Xavier Desrousseaux\" decoding=\"async\" loading=\"lazy\" srcset=\"https:\/\/sablenoir.co\/wp-content\/uploads\/2025\/08\/EDMOUNT_FORMAT.jpg 1902w, https:\/\/sablenoir.co\/wp-content\/uploads\/2025\/08\/EDMOUNT_FORMAT-300x225.jpg 300w, https:\/\/sablenoir.co\/wp-content\/uploads\/2025\/08\/EDMOUNT_FORMAT-1024x769.jpg 1024w, https:\/\/sablenoir.co\/wp-content\/uploads\/2025\/08\/EDMOUNT_FORMAT-768x577.jpg 768w, https:\/\/sablenoir.co\/wp-content\/uploads\/2025\/08\/EDMOUNT_FORMAT-1536x1154.jpg 1536w\" sizes=\"(max-width: 1902px) 100vw, 1902px\" \/>\t\n    <\/div>\n<div class=\"edgtf-pli-text-holder\" >\n\t<div class=\"edgtf-pli-text-wrapper\">\n\t\t<div class=\"edgtf-pli-text\">\n\t\t\t\t<h5 itemprop=\"name\" class=\"edgtf-pli-title entry-title\" >\n\t\tED MOUNT &#8211; DEAD TAMAGOTCHI\t<\/h5>\n\t\t\t\n\t\t\t\n\t\t\t\t\t\t\n\t\t\t\t\t<\/div>\n\t<\/div>\n<\/div>\n\t\t<a itemprop=\"url\" class=\"edgtf-pli-link edgtf-block-drag-link\" href=\"https:\/\/sablenoir.co\/index.php\/portfolio-item\/ed-mount-dead-tamagotchi\/\" target=\"_self\"><\/a>\n\t<\/div>\n<\/article><article class=\"edgtf-pl-item edgtf-item-space edgtf-pl-no-switch-image  post-2769 portfolio-item type-portfolio-item status-publish has-post-thumbnail hentry portfolio-category-nos-realisations\">\n\t<div class=\"edgtf-pl-item-inner\">\n\t\t<div class=\"edgtf-pli-image\">\n\t\t\t<img width=\"1902\" height=\"1429\" src=\"https:\/\/sablenoir.co\/wp-content\/uploads\/2025\/08\/CLAT_ATTAQUANTDEFENSEUR_MINIATURE-2.jpg\" class=\"attachment-full size-full wp-post-image\" alt=\"SABLE NOIR - Clip de musique pour Fen la T et BLZ la Trans - R\u00e9alis\u00e9 par Xavier Desrousseaux &amp; Enzo Del Testa\" decoding=\"async\" loading=\"lazy\" srcset=\"https:\/\/sablenoir.co\/wp-content\/uploads\/2025\/08\/CLAT_ATTAQUANTDEFENSEUR_MINIATURE-2.jpg 1902w, https:\/\/sablenoir.co\/wp-content\/uploads\/2025\/08\/CLAT_ATTAQUANTDEFENSEUR_MINIATURE-2-300x225.jpg 300w, https:\/\/sablenoir.co\/wp-content\/uploads\/2025\/08\/CLAT_ATTAQUANTDEFENSEUR_MINIATURE-2-1024x769.jpg 1024w, https:\/\/sablenoir.co\/wp-content\/uploads\/2025\/08\/CLAT_ATTAQUANTDEFENSEUR_MINIATURE-2-768x577.jpg 768w, https:\/\/sablenoir.co\/wp-content\/uploads\/2025\/08\/CLAT_ATTAQUANTDEFENSEUR_MINIATURE-2-1536x1154.jpg 1536w\" sizes=\"(max-width: 1902px) 100vw, 1902px\" \/>\t\n    <\/div>\n<div class=\"edgtf-pli-text-holder\" >\n\t<div class=\"edgtf-pli-text-wrapper\">\n\t\t<div class=\"edgtf-pli-text\">\n\t\t\t\t<h5 itemprop=\"name\" class=\"edgtf-pli-title entry-title\" >\n\t\tCLAT &#8211; ATTAQUANTS DEFENSEURS\t<\/h5>\n\t\t\t\n\t\t\t\n\t\t\t\t\t\t\n\t\t\t\t\t<\/div>\n\t<\/div>\n<\/div>\n\t\t<a itemprop=\"url\" class=\"edgtf-pli-link edgtf-block-drag-link\" href=\"https:\/\/sablenoir.co\/index.php\/portfolio-item\/clat-attaquants-defenseurs\/\" target=\"_self\"><\/a>\n\t<\/div>\n<\/article><article class=\"edgtf-pl-item edgtf-item-space edgtf-pl-no-switch-image  post-2762 portfolio-item type-portfolio-item status-publish has-post-thumbnail hentry portfolio-category-nos-realisations\">\n\t<div class=\"edgtf-pl-item-inner\">\n\t\t<div class=\"edgtf-pli-image\">\n\t\t\t<img width=\"800\" height=\"600\" src=\"https:\/\/sablenoir.co\/wp-content\/uploads\/2025\/02\/5.jpg\" class=\"attachment-full size-full wp-post-image\" alt=\"HYQS L&#039;Existence Produced by Sable Noir Directed by Xavier Desrousseaux DOP is Enzo Del Testa Music Mickael Garcia\" decoding=\"async\" loading=\"lazy\" srcset=\"https:\/\/sablenoir.co\/wp-content\/uploads\/2025\/02\/5.jpg 800w, https:\/\/sablenoir.co\/wp-content\/uploads\/2025\/02\/5-300x225.jpg 300w, https:\/\/sablenoir.co\/wp-content\/uploads\/2025\/02\/5-768x576.jpg 768w\" sizes=\"(max-width: 800px) 100vw, 800px\" \/>\t\n    <\/div>\n<div class=\"edgtf-pli-text-holder\" >\n\t<div class=\"edgtf-pli-text-wrapper\">\n\t\t<div class=\"edgtf-pli-text\">\n\t\t\t\t<h5 itemprop=\"name\" class=\"edgtf-pli-title entry-title\" >\n\t\tHYQS &#8211; L&#8217;EXISTENCE\t<\/h5>\n\t\t\t\n\t\t\t\n\t\t\t\t\t\t\n\t\t\t\t\t<\/div>\n\t<\/div>\n<\/div>\n\t\t<a itemprop=\"url\" class=\"edgtf-pli-link edgtf-block-drag-link\" href=\"https:\/\/sablenoir.co\/index.php\/portfolio-item\/hyqs-lexistence\/\" target=\"_self\"><\/a>\n\t<\/div>\n<\/article><article class=\"edgtf-pl-item edgtf-item-space edgtf-pl-no-switch-image  post-2722 portfolio-item type-portfolio-item status-publish has-post-thumbnail hentry portfolio-category-nos-realisations\">\n\t<div class=\"edgtf-pl-item-inner\">\n\t\t<div class=\"edgtf-pli-image\">\n\t\t\t<img width=\"1920\" height=\"1440\" src=\"https:\/\/sablenoir.co\/wp-content\/uploads\/2025\/01\/HYQS_FORTHOSEWHODARE.jpg\" class=\"attachment-full size-full wp-post-image\" alt=\"HYQS - FOR THOSE WHO DARE\" decoding=\"async\" loading=\"lazy\" srcset=\"https:\/\/sablenoir.co\/wp-content\/uploads\/2025\/01\/HYQS_FORTHOSEWHODARE.jpg 1920w, https:\/\/sablenoir.co\/wp-content\/uploads\/2025\/01\/HYQS_FORTHOSEWHODARE-300x225.jpg 300w, https:\/\/sablenoir.co\/wp-content\/uploads\/2025\/01\/HYQS_FORTHOSEWHODARE-1024x768.jpg 1024w, https:\/\/sablenoir.co\/wp-content\/uploads\/2025\/01\/HYQS_FORTHOSEWHODARE-768x576.jpg 768w, https:\/\/sablenoir.co\/wp-content\/uploads\/2025\/01\/HYQS_FORTHOSEWHODARE-1536x1152.jpg 1536w\" sizes=\"(max-width: 1920px) 100vw, 1920px\" \/>\t\n    <\/div>\n<div class=\"edgtf-pli-text-holder\" >\n\t<div class=\"edgtf-pli-text-wrapper\">\n\t\t<div class=\"edgtf-pli-text\">\n\t\t\t\t<h5 itemprop=\"name\" class=\"edgtf-pli-title entry-title\" >\n\t\tHYQS &#8211; FOR THOSE WHO DARE\t<\/h5>\n\t\t\t\n\t\t\t\n\t\t\t\t\t\t\n\t\t\t\t\t<\/div>\n\t<\/div>\n<\/div>\n\t\t<a itemprop=\"url\" class=\"edgtf-pli-link edgtf-block-drag-link\" href=\"https:\/\/sablenoir.co\/index.php\/portfolio-item\/hyqs-for-those-who-dare\/\" target=\"_self\"><\/a>\n\t<\/div>\n<\/article><article class=\"edgtf-pl-item edgtf-item-space edgtf-pl-no-switch-image  post-2734 portfolio-item type-portfolio-item status-publish has-post-thumbnail hentry portfolio-category-nos-realisations\">\n\t<div class=\"edgtf-pl-item-inner\">\n\t\t<div class=\"edgtf-pli-image\">\n\t\t\t<img width=\"1920\" height=\"1440\" src=\"https:\/\/sablenoir.co\/wp-content\/uploads\/2025\/01\/BLZ_PERFECT.jpg\" class=\"attachment-full size-full wp-post-image\" alt=\"BLZ PERFECT Directed by Xavier Desrousseaux DOP is Leo Merlin Electro chef is Enzo Del Testa Sound Designer is Mickael Garcia\" decoding=\"async\" loading=\"lazy\" srcset=\"https:\/\/sablenoir.co\/wp-content\/uploads\/2025\/01\/BLZ_PERFECT.jpg 1920w, https:\/\/sablenoir.co\/wp-content\/uploads\/2025\/01\/BLZ_PERFECT-300x225.jpg 300w, https:\/\/sablenoir.co\/wp-content\/uploads\/2025\/01\/BLZ_PERFECT-1024x768.jpg 1024w, https:\/\/sablenoir.co\/wp-content\/uploads\/2025\/01\/BLZ_PERFECT-768x576.jpg 768w, https:\/\/sablenoir.co\/wp-content\/uploads\/2025\/01\/BLZ_PERFECT-1536x1152.jpg 1536w\" sizes=\"(max-width: 1920px) 100vw, 1920px\" \/>\t\n    <\/div>\n<div class=\"edgtf-pli-text-holder\" >\n\t<div class=\"edgtf-pli-text-wrapper\">\n\t\t<div class=\"edgtf-pli-text\">\n\t\t\t\t<h5 itemprop=\"name\" class=\"edgtf-pli-title entry-title\" >\n\t\tBLZ &#8211; PERFECT\t<\/h5>\n\t\t\t\n\t\t\t\n\t\t\t\t\t\t\n\t\t\t\t\t<\/div>\n\t<\/div>\n<\/div>\n\t\t<a itemprop=\"url\" class=\"edgtf-pli-link edgtf-block-drag-link\" href=\"https:\/\/sablenoir.co\/index.php\/portfolio-item\/blz-perfect\/\" target=\"_self\"><\/a>\n\t<\/div>\n<\/article>\t<\/div>\n\t\n\t<\/div>[\/vc_column][\/vc_row][vc_row row_content_width=&#8221;grid&#8221; css=&#8221;.vc_custom_1568727817241{padding-bottom: 140px !important;}&#8221;][vc_column parallax=&#8221;content-moving&#8221; offset=&#8221;vc_col-lg-offset-0 vc_col-lg-5 vc_col-md-offset-0 vc_col-md-12 vc_col-sm-offset-0&#8243; css=&#8221;.vc_custom_1667842494874{margin-top: -28px !important;}&#8221;][vc_empty_space height=&#8221;38px&#8221;]<div class=\"edgtf-elements-holder   edgtf-two-columns  edgtf-responsive-mode-768 \" ><div class=\"edgtf-eh-item    \"  data-item-class=\"edgtf-eh-custom-3045\" data-1400-1600=\"0 20% 42px 5px\" data-1025-1399=\"0 17% 42px 5px\" data-769-1024=\"50px 0 42px 0\" data-681-768=\"50px 0 0 0\" data-680=\"50px 0 0 0\">\n\t<div class=\"edgtf-eh-item-inner\">\n\t\t<div class=\"edgtf-eh-item-content edgtf-eh-custom-3045\" style=\"padding: 0 37% 42px 5px\">\n\t\t\t[vc_column_text css=&#8221;.vc_custom_1667842729350{padding-bottom: 16px !important;}&#8221;]<\/p>\n<h3>Contactez-nous<\/h3>\n<p>[\/vc_column_text][vc_column_text]<\/p>\n<h6>sablenoirproduction@gmail.com<\/h6>\n<p>[\/vc_column_text]\t\t<\/div>\n\t<\/div>\n<\/div><\/div>[\/vc_column][\/vc_row]<\/p>\n","protected":false},"excerpt":{"rendered":"<p>[vc_row][vc_column][\/vc_column][\/vc_row][vc_row row_content_width=&#8221;grid&#8221; content_text_aligment=&#8221;center&#8221; css=&#8221;.vc_custom_1568362507159{padding-top: 98px !important;padding-bottom: 75px !important;}&#8221;][vc_column][vc_column_text] SABLE NOIR [\/vc_column_text][vc_column_text] R\u00e9alisateurs, cadreurs, monteurs, mixeurs, \u00e9talonneurs, compositeur audio. Sable Noir est \u00e0 votre disposition pour r\u00e9aliser vos films. [\/vc_column_text][vc_empty_space height=&#8221;60px&#8221;][\/vc_column][\/vc_row][vc_row][vc_column][\/vc_column][\/vc_row][vc_row row_content_width=&#8221;grid&#8221; css=&#8221;.vc_custom_1568727817241{padding-bottom: 140px !important;}&#8221;][vc_column parallax=&#8221;content-moving&#8221; offset=&#8221;vc_col-lg-offset-0 vc_col-lg-5 vc_col-md-offset-0 vc_col-md-12 vc_col-sm-offset-0&#8243; [&hellip;]<\/p>\n","protected":false},"author":1,"featured_media":0,"parent":0,"menu_order":0,"comment_status":"closed","ping_status":"closed","template":"full-width.php","meta":{"om_disable_all_campaigns":false,"_mi_skip_tracking":false},"aioseo_notices":[],"_links":{"self":[{"href":"https:\/\/sablenoir.co\/index.php\/wp-json\/wp\/v2\/pages\/576"}],"collection":[{"href":"https:\/\/sablenoir.co\/index.php\/wp-json\/wp\/v2\/pages"}],"about":[{"href":"https:\/\/sablenoir.co\/index.php\/wp-json\/wp\/v2\/types\/page"}],"author":[{"embeddable":true,"href":"https:\/\/sablenoir.co\/index.php\/wp-json\/wp\/v2\/users\/1"}],"replies":[{"embeddable":true,"href":"https:\/\/sablenoir.co\/index.php\/wp-json\/wp\/v2\/comments?post=576"}],"version-history":[{"count":63,"href":"https:\/\/sablenoir.co\/index.php\/wp-json\/wp\/v2\/pages\/576\/revisions"}],"predecessor-version":[{"id":2740,"href":"https:\/\/sablenoir.co\/index.php\/wp-json\/wp\/v2\/pages\/576\/revisions\/2740"}],"wp:attachment":[{"href":"https:\/\/sablenoir.co\/index.php\/wp-json\/wp\/v2\/media?parent=576"}],"curies":[{"name":"wp","href":"https:\/\/api.w.org\/{rel}","templated":true}]}}