{"id":2,"date":"2022-12-17T18:50:53","date_gmt":"2022-12-17T18:50:53","guid":{"rendered":"http:\/\/sablenoir.co\/?page_id=2"},"modified":"2026-05-10T16:51:45","modified_gmt":"2026-05-10T16:51:45","slug":"a-propos","status":"publish","type":"page","link":"https:\/\/sablenoir.co\/index.php\/a-propos\/","title":{"rendered":"\u00c0 Propos"},"content":{"rendered":"\r\n<h4 class=\"has-text-align-left\" style=\"font-style: italic; font-weight: 600;\">PR\u00c9SENTATION<\/h4>\r\n\r\n\r\n\r\n<div class=\"wp-block-spacer\" style=\"height: 15px;\" aria-hidden=\"true\">\u00a0<\/div>\r\n\r\n\r\n\r\n<p data-start=\"244\" data-end=\"440\">Fond\u00e9e au c\u0153ur de la r\u00e9gion d\u2019Arles, notre bo\u00eete de production audiovisuelle r\u00e9alise des films immersifs pour les marques, les \u00e9v\u00e9nements et les univers li\u00e9s au sport, \u00e0 l\u2019outdoor et \u00e0 la culture.<\/p>\r\n<p data-start=\"442\" data-end=\"754\">\u00c0 travers chaque projet, notre objectif est de capturer l\u2019\u00e9nergie du r\u00e9el : l\u2019intensit\u00e9 d\u2019un effort, l\u2019ambiance d\u2019un \u00e9v\u00e9nement, le rythme d\u2019un lieu ou la force d\u2019une communaut\u00e9. Sport, outdoor, musique, \u00e9v\u00e9nementiel, nous cr\u00e9ons des images pens\u00e9es pour retranscrire une \u00e9motion et laisser une empreinte durable.<\/p>\r\n<p data-start=\"756\" data-end=\"952\">De la conception \u00e0 la livraison, nous accompagnons chaque projet avec une approche agile, cr\u00e9ative et tourn\u00e9e vers le terrain, afin de produire des contenus authentiques, dynamiques et impactants.<\/p>\r\n<p data-start=\"954\" data-end=\"1032\">Notre promesse : cr\u00e9er des films qui se ressentent autant qu\u2019ils se regardent.<\/p>\r\n<p class=\"has-text-align-left\">.<\/p>\r\n\r\n\r\n\r\n<div class=\"wp-block-spacer\" style=\"height: 20px;\" aria-hidden=\"true\">\u00a0<\/div>\r\n\r\n\r\n\r\n<p>&nbsp;<\/p>\r\n\r\n\r\n\r\n<h4 style=\"font-style: italic; font-weight: 600;\">\u00c9QUIPE<\/h4>\r\n\r\n\r\n\r\n<div class=\"wp-block-spacer\" style=\"height: 15px;\" aria-hidden=\"true\">\u00a0<\/div>\r\n\r\n\r\n\r\n<p>ENZO DEL TESTA<\/p>\r\n\r\n\r\n\r\n<p><em>R\u00e9alisateur &amp; Producteur<\/em><\/p>\r\n\r\n\r\n\r\n<p>XAVIER DESROUSSEAUX<\/p>\r\n\r\n\r\n\r\n<p>Monteur video &amp; R\u00e9alisateur<\/p>\r\n\r\n\r\n\r\n<p>L\u00c9O MERLIN<\/p>\r\n\r\n\r\n\r\n<p><em>Chef op\u00e9rateur<\/em><\/p>\r\n\r\n\r\n\r\n<p>SIMON<\/p>\r\n\r\n\r\n\r\n<p><em>Assitant Administrative et comptable<\/em><\/p>\r\n\r\n\r\n\r\n<p>ANTOINE AILLAUD<\/p>\r\n\r\n\r\n\r\n<p><em>Monteur vid\u00e9o<\/em><\/p>\r\n\r\n\r\n\r\n<p>MICKAEL GARCIA<\/p>\r\n\r\n\r\n\r\n<p><em>Chef op\u00e9rateur son<\/em><\/p>\r\n\r\n\r\n\r\n<p>&nbsp;<\/p>\r\n\r\n\r\n\r\n<div class=\"wp-block-spacer\" style=\"height: 20px;\" aria-hidden=\"true\">\u00a0<\/div>\r\n\r\n\r\n\r\n<h4 style=\"font-style: italic; font-weight: 600;\">BUREAU<\/h4>\r\n\r\n\r\n\r\n<p>13 A avenue de la r\u00e9publique<\/p>\r\n\r\n\r\n\r\n<p>13103 Saint-\u00c9tienne-du-Gr\u00e8s<\/p>\r\n","protected":false},"excerpt":{"rendered":"<p>PR\u00c9SENTATION Fond\u00e9e au c\u0153ur de la r\u00e9gion d\u2019Arles, notre bo\u00eete de production audiovisuelle r\u00e9alise des films immersifs pour les marques, les \u00e9v\u00e9nements et les univers li\u00e9s au sport, \u00e0 l\u2019outdoor et \u00e0 la culture. \u00c0 travers chaque projet, notre objectif [&hellip;]<\/p>\n","protected":false},"author":1,"featured_media":0,"parent":0,"menu_order":0,"comment_status":"closed","ping_status":"closed","template":"","meta":{"om_disable_all_campaigns":false,"_mi_skip_tracking":false},"aioseo_notices":[],"_links":{"self":[{"href":"https:\/\/sablenoir.co\/index.php\/wp-json\/wp\/v2\/pages\/2"}],"collection":[{"href":"https:\/\/sablenoir.co\/index.php\/wp-json\/wp\/v2\/pages"}],"about":[{"href":"https:\/\/sablenoir.co\/index.php\/wp-json\/wp\/v2\/types\/page"}],"author":[{"embeddable":true,"href":"https:\/\/sablenoir.co\/index.php\/wp-json\/wp\/v2\/users\/1"}],"replies":[{"embeddable":true,"href":"https:\/\/sablenoir.co\/index.php\/wp-json\/wp\/v2\/comments?post=2"}],"version-history":[{"count":37,"href":"https:\/\/sablenoir.co\/index.php\/wp-json\/wp\/v2\/pages\/2\/revisions"}],"predecessor-version":[{"id":2793,"href":"https:\/\/sablenoir.co\/index.php\/wp-json\/wp\/v2\/pages\/2\/revisions\/2793"}],"wp:attachment":[{"href":"https:\/\/sablenoir.co\/index.php\/wp-json\/wp\/v2\/media?parent=2"}],"curies":[{"name":"wp","href":"https:\/\/api.w.org\/{rel}","templated":true}]}}